{"id":4455,"date":"2015-11-14T10:58:38","date_gmt":"2015-11-14T10:58:38","guid":{"rendered":"http:\/\/settembreinvita.org\/cms\/?page_id=7"},"modified":"2026-01-09T13:55:05","modified_gmt":"2026-01-09T13:55:05","slug":"home","status":"publish","type":"page","link":"https:\/\/solidarietaevita.it\/web\/","title":{"rendered":"HOME"},"content":{"rendered":"<p><div class=\"fusion-fullwidth fullwidth-box fusion-builder-row-1 fusion-flex-container nonhundred-percent-fullwidth non-hundred-percent-height-scrolling\" style=\"background-color: rgba(255,255,255,0);background-position: center center;background-repeat: no-repeat;border-width: 0px 0px 0px 0px;border-color:#e2e2e2;border-style:solid;\" ><div class=\"fusion-builder-row fusion-row fusion-flex-align-items-flex-start\" style=\"max-width:1248px;margin-left: calc(-4% \/ 2 );margin-right: calc(-4% \/ 2 );\"><div class=\"fusion-layout-column fusion_builder_column fusion-builder-column-0 fusion_builder_column_1_1 1_1 fusion-flex-column\"><div class=\"fusion-column-wrapper fusion-flex-justify-content-flex-start fusion-content-layout-column\" style=\"background-position:left top;background-repeat:no-repeat;-webkit-background-size:cover;-moz-background-size:cover;-o-background-size:cover;background-size:cover;padding: 0px 0px 0px 0px;\"><div class=\"fusion-text fusion-text-1\"><div align=\"justify\">\n<p data-start=\"182\" data-end=\"377\"><strong data-start=\"182\" data-end=\"208\">Solidariet\u00e0 \u00e8 Vita ODV<\/strong> \u00e8 un\u2019Associazione di volontariato che opera senza scopo di lucro a favore della comunit\u00e0 regionale, promuovendo valori di solidariet\u00e0, aiuto concreto e utilit\u00e0 sociale.<\/p>\n<p data-start=\"379\" data-end=\"675\">Nata nel <strong data-start=\"388\" data-end=\"396\">2012<\/strong> da iniziative di beneficenza e fondata da personale dell\u2019Arma dei Carabinieri in servizio e in congedo, l\u2019Associazione sostiene il territorio attraverso progetti di <strong data-start=\"562\" data-end=\"607\">sport, cultura, informazione e spettacolo<\/strong>, collaborando con istituzioni, strutture sanitarie e realt\u00e0 locali.<\/p>\n<p data-start=\"677\" data-end=\"828\">Dal supporto agli ospedali alle famiglie in difficolt\u00e0, ogni nostra attivit\u00e0 ha un unico obiettivo: <strong data-start=\"779\" data-end=\"828\">trasformare la solidariet\u00e0 in aiuto concreto.<\/strong><\/p>\n<\/div>\n<\/div><\/div><style type=\"text\/css\">.fusion-body .fusion-builder-column-0{width:100% !important;margin-top : 0px;margin-bottom : 20px;}.fusion-builder-column-0 > .fusion-column-wrapper {padding-top : 0px !important;padding-right : 0px !important;margin-right : 1.92%;padding-bottom : 0px !important;padding-left : 0px !important;margin-left : 1.92%;}@media only screen and (max-width:1024px) {.fusion-body .fusion-builder-column-0{width:100% !important;}.fusion-builder-column-0 > .fusion-column-wrapper {margin-right : 1.92%;margin-left : 1.92%;}}@media only screen and (max-width:640px) {.fusion-body .fusion-builder-column-0{width:100% !important;}.fusion-builder-column-0 > .fusion-column-wrapper {margin-right : 1.92%;margin-left : 1.92%;}}<\/style><\/div><\/div><style type=\"text\/css\">.fusion-body .fusion-flex-container.fusion-builder-row-1{ padding-top : 0px;margin-top : 0px;padding-right : 0px;padding-bottom : 0px;margin-bottom : 0px;padding-left : 0px;}<\/style><\/div><div class=\"fusion-fullwidth fullwidth-box fusion-builder-row-2 fusion-flex-container hundred-percent-fullwidth non-hundred-percent-height-scrolling\" style=\"background-color: rgba(255,255,255,0);background-position: center center;background-repeat: no-repeat;border-width: 0px 0px 0px 0px;border-color:#e2e2e2;border-style:solid;\" ><div class=\"fusion-builder-row fusion-row fusion-flex-align-items-flex-start\" style=\"width:104% !important;max-width:104% !important;margin-left: calc(-4% \/ 2 );margin-right: calc(-4% \/ 2 );\"><div class=\"fusion-layout-column fusion_builder_column fusion-builder-column-1 fusion_builder_column_1_1 1_1 fusion-flex-column\"><div class=\"fusion-column-wrapper fusion-flex-justify-content-flex-start fusion-content-layout-column\" style=\"background-position:left top;background-repeat:no-repeat;-webkit-background-size:cover;-moz-background-size:cover;-o-background-size:cover;background-size:cover;padding: 0px 0px 0px 0px;\"><div class=\"fusion-separator fusion-full-width-sep\" style=\"align-self: center;margin-left: auto;margin-right: auto;width:100%;\"><\/div><\/div><style type=\"text\/css\">.fusion-body .fusion-builder-column-1{width:100% !important;margin-top : 0px;margin-bottom : 20px;}.fusion-builder-column-1 > .fusion-column-wrapper {padding-top : 0px !important;padding-right : 0px !important;margin-right : 1.92%;padding-bottom : 0px !important;padding-left : 0px !important;margin-left : 1.92%;}@media only screen and (max-width:1024px) {.fusion-body .fusion-builder-column-1{width:100% !important;}.fusion-builder-column-1 > .fusion-column-wrapper {margin-right : 1.92%;margin-left : 1.92%;}}@media only screen and (max-width:640px) {.fusion-body .fusion-builder-column-1{width:100% !important;}.fusion-builder-column-1 > .fusion-column-wrapper {margin-right : 1.92%;margin-left : 1.92%;}}<\/style><\/div><div class=\"fusion-layout-column fusion_builder_column fusion-builder-column-2 fusion_builder_column_1_1 1_1 fusion-flex-column\"><div class=\"fusion-column-wrapper fusion-flex-justify-content-flex-start fusion-content-layout-column\" style=\"background-position:left top;background-repeat:no-repeat;-webkit-background-size:cover;-moz-background-size:cover;-o-background-size:cover;background-size:cover;padding: 0px 0px 0px 0px;\"><div style=\"text-align:center;\"><style type=\"text\/css\">.fusion-button.button-1 .fusion-button-text, .fusion-button.button-1 i {color:#ffffff;}.fusion-button.button-1 .fusion-button-icon-divider{border-color:#ffffff;}.fusion-button.button-1:hover .fusion-button-text, .fusion-button.button-1:hover i,.fusion-button.button-1:focus .fusion-button-text, .fusion-button.button-1:focus i,.fusion-button.button-1:active .fusion-button-text, .fusion-button.button-1:active{color:#ffffff;}.fusion-button.button-1:hover .fusion-button-icon-divider, .fusion-button.button-1:hover .fusion-button-icon-divider, .fusion-button.button-1:active .fusion-button-icon-divider{border-color:#ffffff;}.fusion-button.button-1:hover, .fusion-button.button-1:focus, .fusion-button.button-1:active{border-color:#ffffff;}.fusion-button.button-1 {border-color:#ffffff;border-radius:4px;}.fusion-button.button-1{background: #a82210;}.fusion-button.button-1:hover,.button-1:focus,.fusion-button.button-1:active{background: #a82210;}.fusion-button.button-1 .fusion-button-text {text-transform:uppercase;}<\/style><a class=\"fusion-button button-flat button-xlarge button-custom button-1 fusion-button-span-no \" target=\"_blank\" rel=\"noopener noreferrer\" title=\"HOME\" href=\"https:\/\/solidarietaevita.it\/web\/come-sostenerci\/\"><span class=\"fusion-button-text\">Come Sostenerci<\/span><\/a><\/div><\/div><style type=\"text\/css\">.fusion-body .fusion-builder-column-2{width:100% !important;margin-top : 0px;margin-bottom : 20px;}.fusion-builder-column-2 > .fusion-column-wrapper {padding-top : 0px !important;padding-right : 0px !important;margin-right : 1.92%;padding-bottom : 0px !important;padding-left : 0px !important;margin-left : 1.92%;}@media only screen and (max-width:1024px) {.fusion-body .fusion-builder-column-2{width:100% !important;order : 0;}.fusion-builder-column-2 > .fusion-column-wrapper {margin-right : 1.92%;margin-left : 1.92%;}}@media only screen and (max-width:640px) {.fusion-body .fusion-builder-column-2{width:100% !important;order : 0;}.fusion-builder-column-2 > .fusion-column-wrapper {margin-right : 1.92%;margin-left : 1.92%;}}<\/style><\/div><\/div><style type=\"text\/css\">.fusion-fullwidth.fusion-builder-row-2 { overflow:visible; }.fusion-body .fusion-flex-container.fusion-builder-row-2{ padding-top : 0px;margin-top : 0px;padding-right : 0px;padding-bottom : 0px;margin-bottom : 0px;padding-left : 0px;}<\/style><\/div><div class=\"fusion-fullwidth fullwidth-box fusion-builder-row-3 fusion-flex-container nonhundred-percent-fullwidth non-hundred-percent-height-scrolling\" style=\"background-color: rgba(255,255,255,0);background-position: center center;background-repeat: no-repeat;border-width: 0px 0px 0px 0px;border-color:#e2e2e2;border-style:solid;\" ><div class=\"fusion-builder-row fusion-row fusion-flex-align-items-flex-start\" style=\"max-width:1248px;margin-left: calc(-4% \/ 2 );margin-right: calc(-4% \/ 2 );\"><div class=\"fusion-layout-column fusion_builder_column fusion-builder-column-3 fusion_builder_column_1_2 1_2 fusion-flex-column\"><div class=\"fusion-column-wrapper fusion-flex-justify-content-flex-start fusion-content-layout-column\" style=\"background-position:left top;background-repeat:no-repeat;-webkit-background-size:cover;-moz-background-size:cover;-o-background-size:cover;background-size:cover;padding: 0px 0px 0px 0px;\"><div class=\"fusion-widget fusion-widget-element fusion-widget-area fusion-content-widget-area wpWidget-1\" style=\"border-width:0px;border-style:solid;\"><div class=\"widget facebook_like\"><div class=\"heading\"><h4 class=\"widget-title\">Segui la nostra attivit\u00e0 su Facebook<\/h4><\/div>\n\t\t\t\t\t\t\t\t\t\t\t\t<script>\n\t\t\t\n\t\t\t\t\twindow.fbAsyncInit = function() {\n\t\t\t\t\t\tfusion_resize_page_widget();\n\n\t\t\t\t\t\tjQuery( window ).on( 'resize', function() {\n\t\t\t\t\t\t\tfusion_resize_page_widget();\n\t\t\t\t\t\t});\n\n\t\t\t\t\t\tfunction fusion_resize_page_widget() {\n\t\t\t\t\t\t\tvar availableSpace     = jQuery( '.1' ).width(),\n\t\t\t\t\t\t\t\tlastAvailableSPace = jQuery( '.1 .fb-page' ).attr( 'data-width' ),\n\t\t\t\t\t\t\t\tmaxWidth           = 500;\n\n\t\t\t\t\t\t\tif ( 1 > availableSpace ) {\n\t\t\t\t\t\t\t\tavailableSpace = maxWidth;\n\t\t\t\t\t\t\t}\n\n\t\t\t\t\t\t\tif ( availableSpace != lastAvailableSPace && availableSpace != maxWidth ) {\n\t\t\t\t\t\t\t\tif ( maxWidth < availableSpace ) {\n\t\t\t\t\t\t\t\t\tavailableSpace = maxWidth;\n\t\t\t\t\t\t\t\t}\n\t\t\t\t\t\t\t\tjQuery('.1 .fb-page' ).attr( 'data-width', Math.floor( availableSpace ) );\n\t\t\t\t\t\t\t\tif ( 'undefined' !== typeof FB ) {\n\t\t\t\t\t\t\t\t\tFB.XFBML.parse();\n\t\t\t\t\t\t\t\t}\n\t\t\t\t\t\t\t}\n\t\t\t\t\t\t}\n\t\t\t\t\t};\n\n\t\t\t\t\t( function( d, s, id ) {\n\t\t\t\t\t\tvar js,\n\t\t\t\t\t\t\tfjs = d.getElementsByTagName( s )[0];\n\t\t\t\t\t\tif ( d.getElementById( id ) ) {\n\t\t\t\t\t\t\treturn;\n\t\t\t\t\t\t}\n\t\t\t\t\t\tjs     = d.createElement( s );\n\t\t\t\t\t\tjs.id  = id;\n\t\t\t\t\t\tjs.src = \"https:\/\/connect.facebook.net\/it_IT\/sdk.js#xfbml=1&version=v8.0&appId=\";\n\t\t\t\t\t\tfjs.parentNode.insertBefore( js, fjs );\n\t\t\t\t\t}( document, 'script', 'facebook-jssdk' ) );\n\n\t\t\t\t\t\t\t<\/script>\n\t\t\t\n\t\t\t<div class=\"fb-like-box-container 1\" id=\"fb-root\">\n\t\t\t\t<div class=\"fb-page\" data-href=\"https:\/\/www.facebook.com\/solidarietaevita\" data-original-width=\"500\" data-width=\"500\" data-adapt-container-width=\"true\" data-small-header=\"false\" data-height=\"270\" data-hide-cover=\"true\" data-show-facepile=\"true\" data-tabs=\"\"><\/div>\n\t\t\t<\/div>\n\t\t\t<\/div><\/div><\/div><style type=\"text\/css\">.fusion-body .fusion-builder-column-3{width:50% !important;margin-top : 0px;margin-bottom : 20px;}.fusion-builder-column-3 > .fusion-column-wrapper {padding-top : 0px !important;padding-right : 0px !important;margin-right : 3.84%;padding-bottom : 0px !important;padding-left : 0px !important;margin-left : 3.84%;}@media only screen and (max-width:1024px) {.fusion-body .fusion-builder-column-3{width:50% !important;order : 0;}.fusion-builder-column-3 > .fusion-column-wrapper {margin-right : 3.84%;margin-left : 3.84%;}}@media only screen and (max-width:640px) {.fusion-body .fusion-builder-column-3{width:100% !important;order : 0;}.fusion-builder-column-3 > .fusion-column-wrapper {margin-right : 1.92%;margin-left : 1.92%;}}<\/style><\/div><div class=\"fusion-layout-column fusion_builder_column fusion-builder-column-4 fusion_builder_column_1_2 1_2 fusion-flex-column\"><div class=\"fusion-column-wrapper fusion-flex-justify-content-flex-start fusion-content-layout-column\" style=\"background-position:left top;background-repeat:no-repeat;-webkit-background-size:cover;-moz-background-size:cover;-o-background-size:cover;background-size:cover;padding: 0px 0px 0px 0px;\"><ul class=\"fusion-checklist fusion-checklist-1\" style=\"font-size:13px;line-height:22.1px;\"><li class=\"fusion-li-item\"><span style=\"background-color:#ffffff;font-size:11.44px;height:22.1px;width:22.1px;margin-right:9.1px;\" class=\"icon-wrapper circle-yes\"><i class=\"fusion-li-icon fa-chevron-right fas\" style=\"color:#a82210;\" aria-hidden=\"true\"><\/i><\/span><div class=\"fusion-li-item-content\" style=\"margin-left:31.2px;\">\n<p><strong>Indirizzo:<br \/>\n<\/strong>Sede legale Via San Francesco n. 13 &#8211; Monfalcone<\/p>\n<\/div><\/li><li class=\"fusion-li-item\"><span style=\"background-color:#ffffff;font-size:11.44px;height:22.1px;width:22.1px;margin-right:9.1px;\" class=\"icon-wrapper circle-yes\"><i class=\"fusion-li-icon fa-chevron-right fas\" style=\"color:#a82210;\" aria-hidden=\"true\"><\/i><\/span><div class=\"fusion-li-item-content\" style=\"margin-left:31.2px;\">\n<p><strong>Email:<\/strong><br \/>\n<a href=\"mailto:info@solidarietaevita.it\">info@solidarietaevita.it<\/a><\/p>\n<\/div><\/li><li class=\"fusion-li-item\"><span style=\"background-color:#ffffff;font-size:11.44px;height:22.1px;width:22.1px;margin-right:9.1px;\" class=\"icon-wrapper circle-yes\"><i class=\"fusion-li-icon fa-chevron-right fas\" style=\"color:#a82210;\" aria-hidden=\"true\"><\/i><\/span><div class=\"fusion-li-item-content\" style=\"margin-left:31.2px;\">\n<p><strong>Telefono:<\/strong><br \/>\n+39 345 5292629<\/p>\n<\/div><\/li><\/ul><\/div><style type=\"text\/css\">.fusion-body .fusion-builder-column-4{width:50% !important;margin-top : 0px;margin-bottom : 20px;}.fusion-builder-column-4 > .fusion-column-wrapper {padding-top : 0px !important;padding-right : 0px !important;margin-right : 3.84%;padding-bottom : 0px !important;padding-left : 0px !important;margin-left : 3.84%;}@media only screen and (max-width:1024px) {.fusion-body .fusion-builder-column-4{width:50% !important;order : 0;}.fusion-builder-column-4 > .fusion-column-wrapper {margin-right : 3.84%;margin-left : 3.84%;}}@media only screen and (max-width:640px) {.fusion-body .fusion-builder-column-4{width:100% !important;order : 0;}.fusion-builder-column-4 > .fusion-column-wrapper {margin-right : 1.92%;margin-left : 1.92%;}}<\/style><\/div><\/div><style type=\"text\/css\">.fusion-body .fusion-flex-container.fusion-builder-row-3{ padding-top : 0px;margin-top : 0px;padding-right : 0px;padding-bottom : 0px;margin-bottom : 0px;padding-left : 0px;}<\/style><\/div><\/p>\n","protected":false},"excerpt":{"rendered":"","protected":false},"author":1,"featured_media":0,"parent":0,"menu_order":0,"comment_status":"closed","ping_status":"closed","template":"","meta":[],"_links":{"self":[{"href":"https:\/\/solidarietaevita.it\/web\/index.php?rest_route=\/wp\/v2\/pages\/4455"}],"collection":[{"href":"https:\/\/solidarietaevita.it\/web\/index.php?rest_route=\/wp\/v2\/pages"}],"about":[{"href":"https:\/\/solidarietaevita.it\/web\/index.php?rest_route=\/wp\/v2\/types\/page"}],"author":[{"embeddable":true,"href":"https:\/\/solidarietaevita.it\/web\/index.php?rest_route=\/wp\/v2\/users\/1"}],"replies":[{"embeddable":true,"href":"https:\/\/solidarietaevita.it\/web\/index.php?rest_route=%2Fwp%2Fv2%2Fcomments&post=4455"}],"version-history":[{"count":79,"href":"https:\/\/solidarietaevita.it\/web\/index.php?rest_route=\/wp\/v2\/pages\/4455\/revisions"}],"predecessor-version":[{"id":5221,"href":"https:\/\/solidarietaevita.it\/web\/index.php?rest_route=\/wp\/v2\/pages\/4455\/revisions\/5221"}],"wp:attachment":[{"href":"https:\/\/solidarietaevita.it\/web\/index.php?rest_route=%2Fwp%2Fv2%2Fmedia&parent=4455"}],"curies":[{"name":"wp","href":"https:\/\/api.w.org\/{rel}","templated":true}]}}